{"id":124,"date":"2025-06-04T15:37:21","date_gmt":"2025-06-04T15:37:21","guid":{"rendered":"https:\/\/www.sehrimersin.com.tr\/?page_id=124"},"modified":"2025-06-04T15:40:11","modified_gmt":"2025-06-04T15:40:11","slug":"hakkinda","status":"publish","type":"page","link":"https:\/\/www.sehrimersin.com.tr\/?page_id=124","title":{"rendered":"Hakk\u0131nda"},"content":{"rendered":"\t\t<div data-elementor-type=\"wp-page\" data-elementor-id=\"124\" class=\"elementor elementor-124\">\n\t\t\t\t\t\t<section class=\"elementor-section elementor-top-section elementor-element elementor-element-204b8dde elementor-section-boxed elementor-section-height-default elementor-section-height-default\" data-id=\"204b8dde\" data-element_type=\"section\" data-settings=\"{&quot;background_background&quot;:&quot;classic&quot;,&quot;shape_divider_top&quot;:&quot;split&quot;,&quot;shape_divider_bottom&quot;:&quot;drops&quot;}\">\n\t\t\t\t\t<div class=\"elementor-shape elementor-shape-top\" aria-hidden=\"true\" data-negative=\"false\">\n\t\t\t<svg xmlns=\"http:\/\/www.w3.org\/2000\/svg\" viewBox=\"0 0 1000 20\" preserveAspectRatio=\"none\">\n\t<path class=\"elementor-shape-fill\" d=\"M0,0v3c0,0,393.8,0,483.4,0c9.2,0,16.6,7.4,16.6,16.6c0-9.1,7.4-16.6,16.6-16.6C606.2,3,1000,3,1000,3V0H0z\"\/>\n<\/svg>\t\t<\/div>\n\t\t\t\t<div class=\"elementor-shape elementor-shape-bottom\" aria-hidden=\"true\" data-negative=\"false\">\n\t\t\t<svg xmlns=\"http:\/\/www.w3.org\/2000\/svg\" height=\"100%\" viewBox=\"0 0 283.5 27.8\" preserveAspectRatio=\"xMidYMax slice\">\n\t<path class=\"elementor-shape-fill\" d=\"M0 0v1.4c.6.7 1.1 1.4 1.4 2 2 3.8 2.2 6.6 1.8 10.8-.3 3.3-2.4 9.4 0 12.3 1.7 2 3.7 1.4 4.6-.9 1.4-3.8-.7-8.2-.6-12 .1-3.7 3.2-5.5 6.9-4.9 4 .6 4.8 4 4.9 7.4.1 1.8-1.1 7 0 8.5.6.8 1.6 1.2 2.4.5 1.4-1.1.1-5.4.1-6.9.1-3.7.3-8.6 4.1-10.5 5-2.5 6.2 1.6 5.4 5.6-.4 1.7-1 9.2 2.9 6.3 1.5-1.1.7-3.5.5-4.9-.4-2.4-.4-4.3 1-6.5.9-1.4 2.4-3.1 4.2-3 2.4.1 2.7 2.2 4 3.7 1.5 1.8 1.8 2.2 3 .1 1.1-1.9 1.2-2.8 3.6-3.3 1.3-.3 4.8-1.4 5.9-.5 1.5 1.1.6 2.8.4 4.3-.2 1.1-.6 4 1.8 3.4 1.7-.4-.3-4.1.6-5.6 1.3-2.2 5.8-1.4 7 .5 1.3 2.1.5 5.8.1 8.1s-1.2 5-.6 7.4c1.3 5.1 4.4.9 4.3-2.4-.1-4.4-2-8.8-.5-13 .9-2.4 4.6-6.6 7.7-4.5 2.7 1.8.5 7.8.2 10.3-.2 1.7-.8 4.6.2 6.2.9 1.4 2 1.5 2.6-.3.5-1.5-.9-4.5-1-6.1-.2-1.7-.4-3.7.2-5.4 1.8-5.6 3.5 2.4 6.3.6 1.4-.9 4.3-9.4 6.1-3.1.6 2.2-1.3 7.8.7 8.9 4.2 2.3 1.5-7.1 2.2-8 3.1-4 4.7 3.8 6.1 4.1 3.1.7 2.8-7.9 8.1-4.5 1.7 1.1 2.9 3.3 3.2 5.2.4 2.2-1 4.5-.6 6.6 1 4.3 4.4 1.5 4.4-1.7 0-2.7-3-8.3 1.4-9.1 4.4-.9 7.3 3.5 7.8 6.9.3 2-1.5 10.9 1.3 11.3 4.1.6-3.2-15.7 4.8-15.8 4.7-.1 2.8 4.1 3.9 6.6 1 2.4 2.1 1 2.3-.8.3-1.9-.9-3.2 1.3-4.3 5.9-2.9 5.9 5.4 5.5 8.5-.3 2-1.7 8.4 2 8.1 6.9-.5-2.8-16.9 4.8-18.7 4.7-1.2 6.1 3.6 6.3 7.1.1 1.7-1.2 8.1.6 9.1 3.5 2 1.9-7 2-8.4.2-4 1.2-9.6 6.4-9.8 4.7-.2 3.2 4.6 2.7 7.5-.4 2.2 1.3 8.6 3.8 4.4 1.1-1.9-.3-4.1-.3-6 0-1.7.4-3.2 1.3-4.6 1-1.6 2.9-3.5 5.1-2.9 2.5.6 2.3 4.1 4.1 4.9 1.9.8 1.6-.9 2.3-2.1 1.2-2.1 2.1-2.1 4.4-2.4 1.4-.2 3.6-1.5 4.9-.5 2.3 1.7-.7 4.4.1 6.5.6 1.5 2.1 1.7 2.8.3.7-1.4-1.1-3.4-.3-4.8 1.4-2.5 6.2-1.2 7.2 1 2.3 4.8-3.3 12-.2 16.3 3 4.1 3.9-2.8 3.8-4.8-.4-4.3-2.1-8.9 0-13.1 1.3-2.5 5.9-5.7 7.9-2.4 2 3.2-1.3 9.8-.8 13.4.5 4.4 3.5 3.3 2.7-.8-.4-1.9-2.4-10 .6-11.1 3.7-1.4 2.8 7.2 6.5.4 2.2-4.1 4.9-3.1 5.2 1.2.1 1.5-.6 3.1-.4 4.6.2 1.9 1.8 3.7 3.3 1.3 1-1.6-2.6-10.4 2.9-7.3 2.6 1.5 1.6 6.5 4.8 2.7 1.3-1.5 1.7-3.6 4-3.7 2.2-.1 4 2.3 4.8 4.1 1.3 2.9-1.5 8.4.9 10.3 4.2 3.3 3-5.5 2.7-6.9-.6-3.9 1-7.2 5.5-5 4.1 2.1 4.3 7.7 4.1 11.6 0 .8-.6 9.5 2.5 5.2 1.2-1.7-.1-7.7.1-9.6.3-2.9 1.2-5.5 4.3-6.2 4.5-1 7.7 1.5 7.4 5.8-.2 3.5-1.8 7.7-.5 11.1 1 2.7 3.6 2.8 5 .2 1.6-3.1 0-8.3-.4-11.6-.4-4.2-.2-7 1.8-10.8 0 0-.1.1-.1.2-.2.4-.3.7-.4.8v.1c-.1.2-.1.2 0 0v-.1l.4-.8c0-.1.1-.1.1-.2.2-.4.5-.8.8-1.2V0H0zM282.7 3.4z\"\/>\n<\/svg>\t\t<\/div>\n\t\t\t\t\t<div class=\"elementor-container elementor-column-gap-default\">\n\t\t\t\t\t<div class=\"elementor-column elementor-col-100 elementor-top-column elementor-element elementor-element-2d15b265\" data-id=\"2d15b265\" data-element_type=\"column\">\n\t\t\t<div class=\"elementor-widget-wrap elementor-element-populated\">\n\t\t\t\t\t\t<div class=\"elementor-element elementor-element-4c4ebb2a elementor-widget elementor-widget-image\" data-id=\"4c4ebb2a\" data-element_type=\"widget\" data-widget_type=\"image.default\">\n\t\t\t\t<div class=\"elementor-widget-container\">\n\t\t\t\t\t\t\t\t\t\t\t\t\t\t\t<img decoding=\"async\" width=\"80\" height=\"6\" src=\"https:\/\/www.sehrimersin.com.tr\/wp-content\/uploads\/2025\/06\/garis_2.png\" class=\"attachment-large size-large wp-image-16\" alt=\"\" \/>\t\t\t\t\t\t\t\t\t\t\t\t\t\t\t<\/div>\n\t\t\t\t<\/div>\n\t\t\t\t<div class=\"elementor-element elementor-element-3b87491b elementor-widget elementor-widget-heading\" data-id=\"3b87491b\" data-element_type=\"widget\" data-widget_type=\"heading.default\">\n\t\t\t\t<div class=\"elementor-widget-container\">\n\t\t\t\t\t<h2 class=\"elementor-heading-title elementor-size-default\">Hakk\u0131nda<\/h2>\t\t\t\t<\/div>\n\t\t\t\t<\/div>\n\t\t\t\t<div class=\"elementor-element elementor-element-40cc5e27 elementor-widget__width-initial elementor-absolute elementor-widget elementor-widget-image\" data-id=\"40cc5e27\" data-element_type=\"widget\" data-settings=\"{&quot;_position&quot;:&quot;absolute&quot;}\" data-widget_type=\"image.default\">\n\t\t\t\t<div class=\"elementor-widget-container\">\n\t\t\t\t\t\t\t\t\t\t\t\t\t\t\t<img decoding=\"async\" width=\"221\" height=\"222\" src=\"https:\/\/www.sehrimersin.com.tr\/wp-content\/uploads\/2025\/06\/grid.png\" class=\"attachment-full size-full wp-image-14\" alt=\"\" srcset=\"https:\/\/www.sehrimersin.com.tr\/wp-content\/uploads\/2025\/06\/grid.png 221w, https:\/\/www.sehrimersin.com.tr\/wp-content\/uploads\/2025\/06\/grid-150x150.png 150w\" sizes=\"(max-width: 221px) 100vw, 221px\" \/>\t\t\t\t\t\t\t\t\t\t\t\t\t\t\t<\/div>\n\t\t\t\t<\/div>\n\t\t\t\t<div class=\"elementor-element elementor-element-6f8fa738 elementor-widget elementor-widget-heading\" data-id=\"6f8fa738\" data-element_type=\"widget\" data-widget_type=\"heading.default\">\n\t\t\t\t<div class=\"elementor-widget-container\">\n\t\t\t\t\t<h2 class=\"elementor-heading-title elementor-size-default\">Anasayfa \/ kimiz biz?<\/h2>\t\t\t\t<\/div>\n\t\t\t\t<\/div>\n\t\t\t\t\t<\/div>\n\t\t<\/div>\n\t\t\t\t\t<\/div>\n\t\t<\/section>\n\t\t\t\t<section class=\"elementor-section elementor-top-section elementor-element elementor-element-25381f55 elementor-section-boxed elementor-section-height-default elementor-section-height-default\" data-id=\"25381f55\" data-element_type=\"section\" data-settings=\"{&quot;background_background&quot;:&quot;classic&quot;}\">\n\t\t\t\t\t\t<div class=\"elementor-container elementor-column-gap-default\">\n\t\t\t\t\t<div class=\"elementor-column elementor-col-50 elementor-top-column elementor-element elementor-element-761abc35\" data-id=\"761abc35\" data-element_type=\"column\">\n\t\t\t<div class=\"elementor-widget-wrap elementor-element-populated\">\n\t\t\t\t\t\t<div class=\"elementor-element elementor-element-2afea4df elementor-widget elementor-widget-image\" data-id=\"2afea4df\" data-element_type=\"widget\" data-widget_type=\"image.default\">\n\t\t\t\t<div class=\"elementor-widget-container\">\n\t\t\t\t\t\t\t\t\t\t\t\t\t\t\t<img decoding=\"async\" width=\"50\" height=\"6\" src=\"https:\/\/www.sehrimersin.com.tr\/wp-content\/uploads\/2025\/06\/garis-1.png\" class=\"attachment-large size-large wp-image-13\" alt=\"\" \/>\t\t\t\t\t\t\t\t\t\t\t\t\t\t\t<\/div>\n\t\t\t\t<\/div>\n\t\t\t\t<div class=\"elementor-element elementor-element-5fc0812 elementor-widget elementor-widget-heading\" data-id=\"5fc0812\" data-element_type=\"widget\" data-widget_type=\"heading.default\">\n\t\t\t\t<div class=\"elementor-widget-container\">\n\t\t\t\t\t<h2 class=\"elementor-heading-title elementor-size-default\">\u015eeh-ri Mersin <br>Tantuni<\/h2>\t\t\t\t<\/div>\n\t\t\t\t<\/div>\n\t\t\t\t<div class=\"elementor-element elementor-element-55f953e elementor-widget elementor-widget-text-editor\" data-id=\"55f953e\" data-element_type=\"widget\" data-widget_type=\"text-editor.default\">\n\t\t\t\t<div class=\"elementor-widget-container\">\n\t\t\t\t\t\t\t\t\t<p data-start=\"275\" data-end=\"537\">Lezzetin ba\u015fkenti Mersin\u2019den ilham ald\u0131k, damaklara unutulmaz tatlar b\u0131rakacak bir ser\u00fcvene \u00e7\u0131kt\u0131k! <strong data-start=\"375\" data-end=\"411\">\u015eeh-ri Mersin Tantuni ve Kokore\u00e7<\/strong>, tantuninin baharatl\u0131 s\u0131cakl\u0131\u011f\u0131n\u0131, kokorecin e\u015fsiz aromatik lezzetini ve d\u00f6ner \u00e7e\u015fitlerini tek bir \u00e7at\u0131 alt\u0131nda bulu\u015fturuyor.<\/p><p data-start=\"539\" data-end=\"897\">Her biri \u00f6zenle haz\u0131rlanan men\u00fcm\u00fcz; <strong data-start=\"575\" data-end=\"598\">et ve tavuk tantuni<\/strong>, <strong data-start=\"600\" data-end=\"621\">baharatl\u0131 kokore\u00e7<\/strong>, <strong data-start=\"623\" data-end=\"642\">d\u00f6ner \u00e7e\u015fitleri<\/strong> ve tamamlay\u0131c\u0131 y\u00f6resel lezzetlerle sizlere doyumsuz bir yemek deneyimi sunar. Usta ellerden \u00e7\u0131kan tariflerimizde kullan\u0131lan t\u00fcm malzemeler <strong data-start=\"782\" data-end=\"790\">taze<\/strong>, <strong data-start=\"792\" data-end=\"801\">do\u011fal<\/strong> ve <strong data-start=\"805\" data-end=\"815\">g\u00fcnl\u00fck<\/strong> olarak se\u00e7ilir. Sa\u011fl\u0131k ve hijyen konusundaki titizli\u011fimiz, her taba\u011f\u0131m\u0131za yans\u0131r.<\/p>\t\t\t\t\t\t\t\t<\/div>\n\t\t\t\t<\/div>\n\t\t\t\t<div class=\"elementor-element elementor-element-3c2f95cc elementor-align-left elementor-widget elementor-widget-button\" data-id=\"3c2f95cc\" data-element_type=\"widget\" data-widget_type=\"button.default\">\n\t\t\t\t<div class=\"elementor-widget-container\">\n\t\t\t\t\t\t\t\t\t<div class=\"elementor-button-wrapper\">\n\t\t\t\t\t<a class=\"elementor-button elementor-button-link elementor-size-md\" href=\"tel:05307703321\">\n\t\t\t\t\t\t<span class=\"elementor-button-content-wrapper\">\n\t\t\t\t\t\t\t\t\t<span class=\"elementor-button-text\">sipari\u015f hatt\u0131<\/span>\n\t\t\t\t\t<\/span>\n\t\t\t\t\t<\/a>\n\t\t\t\t<\/div>\n\t\t\t\t\t\t\t\t<\/div>\n\t\t\t\t<\/div>\n\t\t\t\t<div class=\"elementor-element elementor-element-47686d5c elementor-widget__width-initial elementor-absolute elementor-widget elementor-widget-image\" data-id=\"47686d5c\" data-element_type=\"widget\" data-settings=\"{&quot;_position&quot;:&quot;absolute&quot;}\" data-widget_type=\"image.default\">\n\t\t\t\t<div class=\"elementor-widget-container\">\n\t\t\t\t\t\t\t\t\t\t\t\t\t\t\t<img decoding=\"async\" width=\"221\" height=\"222\" src=\"https:\/\/www.sehrimersin.com.tr\/wp-content\/uploads\/2025\/06\/grid.png\" class=\"attachment-full size-full wp-image-14\" alt=\"\" srcset=\"https:\/\/www.sehrimersin.com.tr\/wp-content\/uploads\/2025\/06\/grid.png 221w, https:\/\/www.sehrimersin.com.tr\/wp-content\/uploads\/2025\/06\/grid-150x150.png 150w\" sizes=\"(max-width: 221px) 100vw, 221px\" \/>\t\t\t\t\t\t\t\t\t\t\t\t\t\t\t<\/div>\n\t\t\t\t<\/div>\n\t\t\t\t\t<\/div>\n\t\t<\/div>\n\t\t\t\t<div class=\"elementor-column elementor-col-50 elementor-top-column elementor-element elementor-element-6334c9c1\" data-id=\"6334c9c1\" data-element_type=\"column\">\n\t\t\t<div class=\"elementor-widget-wrap elementor-element-populated\">\n\t\t\t\t\t\t<div class=\"elementor-element elementor-element-4f67f3d9 elementor-widget elementor-widget-image\" data-id=\"4f67f3d9\" data-element_type=\"widget\" data-widget_type=\"image.default\">\n\t\t\t\t<div class=\"elementor-widget-container\">\n\t\t\t\t\t\t\t\t\t\t\t\t\t\t\t<img loading=\"lazy\" decoding=\"async\" width=\"768\" height=\"1024\" src=\"https:\/\/www.sehrimersin.com.tr\/wp-content\/uploads\/2025\/06\/smh-768x1024.jpg\" class=\"attachment-large size-large wp-image-112\" alt=\"\" srcset=\"https:\/\/www.sehrimersin.com.tr\/wp-content\/uploads\/2025\/06\/smh-768x1024.jpg 768w, https:\/\/www.sehrimersin.com.tr\/wp-content\/uploads\/2025\/06\/smh-225x300.jpg 225w, https:\/\/www.sehrimersin.com.tr\/wp-content\/uploads\/2025\/06\/smh-1152x1536.jpg 1152w, https:\/\/www.sehrimersin.com.tr\/wp-content\/uploads\/2025\/06\/smh-1536x2048.jpg 1536w, https:\/\/www.sehrimersin.com.tr\/wp-content\/uploads\/2025\/06\/smh-scaled.jpg 1920w\" sizes=\"(max-width: 768px) 100vw, 768px\" \/>\t\t\t\t\t\t\t\t\t\t\t\t\t\t\t<\/div>\n\t\t\t\t<\/div>\n\t\t\t\t<div class=\"elementor-element elementor-element-c81257a elementor-widget__width-initial elementor-absolute elementor-widget elementor-widget-image\" data-id=\"c81257a\" data-element_type=\"widget\" data-settings=\"{&quot;_position&quot;:&quot;absolute&quot;}\" data-widget_type=\"image.default\">\n\t\t\t\t<div class=\"elementor-widget-container\">\n\t\t\t\t\t\t\t\t\t\t\t\t\t\t\t<img decoding=\"async\" width=\"221\" height=\"222\" src=\"https:\/\/www.sehrimersin.com.tr\/wp-content\/uploads\/2025\/06\/grid.png\" class=\"attachment-full size-full wp-image-14\" alt=\"\" srcset=\"https:\/\/www.sehrimersin.com.tr\/wp-content\/uploads\/2025\/06\/grid.png 221w, https:\/\/www.sehrimersin.com.tr\/wp-content\/uploads\/2025\/06\/grid-150x150.png 150w\" sizes=\"(max-width: 221px) 100vw, 221px\" \/>\t\t\t\t\t\t\t\t\t\t\t\t\t\t\t<\/div>\n\t\t\t\t<\/div>\n\t\t\t\t\t<\/div>\n\t\t<\/div>\n\t\t\t\t\t<\/div>\n\t\t<\/section>\n\t\t\t\t<\/div>\n\t\t","protected":false},"excerpt":{"rendered":"<p>Hakk\u0131nda Anasayfa \/ kimiz biz? \u015eeh-ri Mersin Tantuni Lezzetin ba\u015fkenti Mersin\u2019den ilham ald\u0131k, damaklara unutulmaz tatlar b\u0131rakacak bir ser\u00fcvene \u00e7\u0131kt\u0131k! \u015eeh-ri Mersin Tantuni ve Kokore\u00e7, tantuninin baharatl\u0131 s\u0131cakl\u0131\u011f\u0131n\u0131, kokorecin e\u015fsiz aromatik lezzetini ve d\u00f6ner \u00e7e\u015fitlerini tek bir \u00e7at\u0131 alt\u0131nda bulu\u015fturuyor. Her biri \u00f6zenle haz\u0131rlanan men\u00fcm\u00fcz; et ve tavuk tantuni, baharatl\u0131 kokore\u00e7, d\u00f6ner \u00e7e\u015fitleri ve tamamlay\u0131c\u0131 [&hellip;]<\/p>\n","protected":false},"author":1,"featured_media":0,"parent":0,"menu_order":0,"comment_status":"closed","ping_status":"closed","template":"","meta":{"_joinchat":[],"footnotes":""},"class_list":["post-124","page","type-page","status-publish","hentry"],"_links":{"self":[{"href":"https:\/\/www.sehrimersin.com.tr\/index.php?rest_route=\/wp\/v2\/pages\/124","targetHints":{"allow":["GET"]}}],"collection":[{"href":"https:\/\/www.sehrimersin.com.tr\/index.php?rest_route=\/wp\/v2\/pages"}],"about":[{"href":"https:\/\/www.sehrimersin.com.tr\/index.php?rest_route=\/wp\/v2\/types\/page"}],"author":[{"embeddable":true,"href":"https:\/\/www.sehrimersin.com.tr\/index.php?rest_route=\/wp\/v2\/users\/1"}],"replies":[{"embeddable":true,"href":"https:\/\/www.sehrimersin.com.tr\/index.php?rest_route=%2Fwp%2Fv2%2Fcomments&post=124"}],"version-history":[{"count":10,"href":"https:\/\/www.sehrimersin.com.tr\/index.php?rest_route=\/wp\/v2\/pages\/124\/revisions"}],"predecessor-version":[{"id":136,"href":"https:\/\/www.sehrimersin.com.tr\/index.php?rest_route=\/wp\/v2\/pages\/124\/revisions\/136"}],"wp:attachment":[{"href":"https:\/\/www.sehrimersin.com.tr\/index.php?rest_route=%2Fwp%2Fv2%2Fmedia&parent=124"}],"curies":[{"name":"wp","href":"https:\/\/api.w.org\/{rel}","templated":true}]}}